{"id":17,"date":"2024-02-21T19:46:14","date_gmt":"2024-02-21T18:46:14","guid":{"rendered":"http:\/\/neonflex.pl\/?page_id=17"},"modified":"2025-10-17T13:50:37","modified_gmt":"2025-10-17T11:50:37","slug":"nasze-uslugi","status":"publish","type":"page","link":"http:\/\/neonflex.pl\/?page_id=17","title":{"rendered":"Nasze us\u0142ugi"},"content":{"rendered":"\n<p>Dzi\u0119ki do\u015bwiadczeniu i nowoczesnym technologiom zapewniamy <strong>reklamy<\/strong>, kt\u00f3re nie tylko wygl\u0105daj\u0105 efektownie, ale przede wszystkim skutecznie komunikuj\u0105 mark\u0119. Niezale\u017cnie od tego, czy potrzebujesz du\u017cych reklam na elewacj\u0119 budynku, czy mniejszych form do biura, nasza firma dostarczy rozwi\u0105zania dopasowane do Twoich potrzeb.<\/p>\n\n\n\n<p>Kasetony reklamowe <\/p>\n\n\n\n<ul class=\"wp-block-list\">\n<li>z dibondu z frezowanymi znakami<\/li>\n\n\n\n<li>klasyczne, z profili aluminiowych<\/li>\n<\/ul>\n\n\n\n<p>Litery przestrzenne<\/p>\n\n\n\n<p>Pylony informacyjne<\/p>\n\n\n\n<p>Wydruki na r\u00f3\u017cnych materia\u0142ach<\/p>\n\n\n\n<p>Konstrukcje<\/p>\n\n\n\n<p>Tablice informacyjne<\/p>\n\n\n\n<p>Tabliczki adresowe<\/p>\n\n\n\n<p>Banery reklamowe<\/p>\n\n\n\n<p>Plakaty<\/p>\n\n\n\n<p>Grafika na oknach<\/p>\n\n\n\n<p>Neonledony<\/p>\n\n\n\n<p>Serwis reklam<\/p>\n\n\n\n<p><\/p>\n\n\n\n<p><\/p>\n","protected":false},"excerpt":{"rendered":"<p>Dzi\u0119ki do\u015bwiadczeniu i nowoczesnym technologiom zapewniamy reklamy, kt\u00f3re nie tylko wygl\u0105daj\u0105 efektownie, ale przede wszystkim skutecznie komunikuj\u0105 mark\u0119. Niezale\u017cnie od tego, czy potrzebujesz du\u017cych reklam &hellip;<\/p>\n","protected":false},"author":1,"featured_media":0,"parent":0,"menu_order":0,"comment_status":"closed","ping_status":"closed","template":"","meta":{"footnotes":""},"class_list":["post-17","page","type-page","status-publish","hentry"],"yoast_head":"<!-- This site is optimized with the Yoast SEO plugin v25.4 - https:\/\/yoast.com\/wordpress\/plugins\/seo\/ -->\n<title>Nasze us\u0142ugi - NeonFlex<\/title>\n<meta name=\"description\" content=\"Us\u0142ugi reklamowe Warszawa \u2013 kasetony, litery 3D, pylony, banery. Reklama \u015bwietlna, kt\u00f3ra wyr\u00f3\u017cnia Twoj\u0105 firm\u0119 i przyci\u0105ga uwag\u0119 klient\u00f3w\" \/>\n<meta name=\"robots\" content=\"index, follow, max-snippet:-1, max-image-preview:large, max-video-preview:-1\" \/>\n<link rel=\"canonical\" href=\"https:\/\/neonflex.pl\/?page_id=17\" \/>\n<meta property=\"og:locale\" content=\"pl_PL\" \/>\n<meta property=\"og:type\" content=\"article\" \/>\n<meta property=\"og:title\" content=\"Nasze us\u0142ugi - NeonFlex\" \/>\n<meta property=\"og:description\" content=\"Us\u0142ugi reklamowe Warszawa \u2013 kasetony, litery 3D, pylony, banery. Reklama \u015bwietlna, kt\u00f3ra wyr\u00f3\u017cnia Twoj\u0105 firm\u0119 i przyci\u0105ga uwag\u0119 klient\u00f3w\" \/>\n<meta property=\"og:url\" content=\"https:\/\/neonflex.pl\/?page_id=17\" \/>\n<meta property=\"og:site_name\" content=\"NeonFlex\" \/>\n<meta property=\"article:modified_time\" content=\"2025-10-17T11:50:37+00:00\" \/>\n<meta name=\"twitter:card\" content=\"summary_large_image\" \/>\n<meta name=\"twitter:label1\" content=\"Szacowany czas czytania\" \/>\n\t<meta name=\"twitter:data1\" content=\"1 minuta\" \/>\n<script type=\"application\/ld+json\" class=\"yoast-schema-graph\">{\"@context\":\"https:\/\/schema.org\",\"@graph\":[{\"@type\":\"WebPage\",\"@id\":\"https:\/\/neonflex.pl\/?page_id=17\",\"url\":\"https:\/\/neonflex.pl\/?page_id=17\",\"name\":\"Nasze us\u0142ugi - NeonFlex\",\"isPartOf\":{\"@id\":\"http:\/\/neonflex.pl\/#website\"},\"datePublished\":\"2024-02-21T18:46:14+00:00\",\"dateModified\":\"2025-10-17T11:50:37+00:00\",\"description\":\"Us\u0142ugi reklamowe Warszawa \u2013 kasetony, litery 3D, pylony, banery. Reklama \u015bwietlna, kt\u00f3ra wyr\u00f3\u017cnia Twoj\u0105 firm\u0119 i przyci\u0105ga uwag\u0119 klient\u00f3w\",\"breadcrumb\":{\"@id\":\"https:\/\/neonflex.pl\/?page_id=17#breadcrumb\"},\"inLanguage\":\"pl-PL\",\"potentialAction\":[{\"@type\":\"ReadAction\",\"target\":[\"https:\/\/neonflex.pl\/?page_id=17\"]}]},{\"@type\":\"BreadcrumbList\",\"@id\":\"https:\/\/neonflex.pl\/?page_id=17#breadcrumb\",\"itemListElement\":[{\"@type\":\"ListItem\",\"position\":1,\"name\":\"Strona g\u0142\u00f3wna\",\"item\":\"http:\/\/neonflex.pl\/\"},{\"@type\":\"ListItem\",\"position\":2,\"name\":\"Nasze us\u0142ugi\"}]},{\"@type\":\"WebSite\",\"@id\":\"http:\/\/neonflex.pl\/#website\",\"url\":\"http:\/\/neonflex.pl\/\",\"name\":\"NeonFlex\",\"description\":\"Tworzymy co\u015b niepowtarzalnego - Producent reklam\",\"publisher\":{\"@id\":\"http:\/\/neonflex.pl\/#organization\"},\"alternateName\":\"Reklama dla Twojej firmy\",\"potentialAction\":[{\"@type\":\"SearchAction\",\"target\":{\"@type\":\"EntryPoint\",\"urlTemplate\":\"http:\/\/neonflex.pl\/?s={search_term_string}\"},\"query-input\":{\"@type\":\"PropertyValueSpecification\",\"valueRequired\":true,\"valueName\":\"search_term_string\"}}],\"inLanguage\":\"pl-PL\"},{\"@type\":\"Organization\",\"@id\":\"http:\/\/neonflex.pl\/#organization\",\"name\":\"NeonFlex\",\"url\":\"http:\/\/neonflex.pl\/\",\"logo\":{\"@type\":\"ImageObject\",\"inLanguage\":\"pl-PL\",\"@id\":\"http:\/\/neonflex.pl\/#\/schema\/logo\/image\/\",\"url\":\"https:\/\/neonflex.pl\/wp-content\/uploads\/2024\/02\/gourmet.jpg\",\"contentUrl\":\"https:\/\/neonflex.pl\/wp-content\/uploads\/2024\/02\/gourmet.jpg\",\"width\":1210,\"height\":908,\"caption\":\"NeonFlex\"},\"image\":{\"@id\":\"http:\/\/neonflex.pl\/#\/schema\/logo\/image\/\"}}]}<\/script>\n<!-- \/ Yoast SEO plugin. -->","yoast_head_json":{"title":"Nasze us\u0142ugi - NeonFlex","description":"Us\u0142ugi reklamowe Warszawa \u2013 kasetony, litery 3D, pylony, banery. Reklama \u015bwietlna, kt\u00f3ra wyr\u00f3\u017cnia Twoj\u0105 firm\u0119 i przyci\u0105ga uwag\u0119 klient\u00f3w","robots":{"index":"index","follow":"follow","max-snippet":"max-snippet:-1","max-image-preview":"max-image-preview:large","max-video-preview":"max-video-preview:-1"},"canonical":"https:\/\/neonflex.pl\/?page_id=17","og_locale":"pl_PL","og_type":"article","og_title":"Nasze us\u0142ugi - NeonFlex","og_description":"Us\u0142ugi reklamowe Warszawa \u2013 kasetony, litery 3D, pylony, banery. Reklama \u015bwietlna, kt\u00f3ra wyr\u00f3\u017cnia Twoj\u0105 firm\u0119 i przyci\u0105ga uwag\u0119 klient\u00f3w","og_url":"https:\/\/neonflex.pl\/?page_id=17","og_site_name":"NeonFlex","article_modified_time":"2025-10-17T11:50:37+00:00","twitter_card":"summary_large_image","twitter_misc":{"Szacowany czas czytania":"1 minuta"},"schema":{"@context":"https:\/\/schema.org","@graph":[{"@type":"WebPage","@id":"https:\/\/neonflex.pl\/?page_id=17","url":"https:\/\/neonflex.pl\/?page_id=17","name":"Nasze us\u0142ugi - NeonFlex","isPartOf":{"@id":"http:\/\/neonflex.pl\/#website"},"datePublished":"2024-02-21T18:46:14+00:00","dateModified":"2025-10-17T11:50:37+00:00","description":"Us\u0142ugi reklamowe Warszawa \u2013 kasetony, litery 3D, pylony, banery. Reklama \u015bwietlna, kt\u00f3ra wyr\u00f3\u017cnia Twoj\u0105 firm\u0119 i przyci\u0105ga uwag\u0119 klient\u00f3w","breadcrumb":{"@id":"https:\/\/neonflex.pl\/?page_id=17#breadcrumb"},"inLanguage":"pl-PL","potentialAction":[{"@type":"ReadAction","target":["https:\/\/neonflex.pl\/?page_id=17"]}]},{"@type":"BreadcrumbList","@id":"https:\/\/neonflex.pl\/?page_id=17#breadcrumb","itemListElement":[{"@type":"ListItem","position":1,"name":"Strona g\u0142\u00f3wna","item":"http:\/\/neonflex.pl\/"},{"@type":"ListItem","position":2,"name":"Nasze us\u0142ugi"}]},{"@type":"WebSite","@id":"http:\/\/neonflex.pl\/#website","url":"http:\/\/neonflex.pl\/","name":"NeonFlex","description":"Tworzymy co\u015b niepowtarzalnego - Producent reklam","publisher":{"@id":"http:\/\/neonflex.pl\/#organization"},"alternateName":"Reklama dla Twojej firmy","potentialAction":[{"@type":"SearchAction","target":{"@type":"EntryPoint","urlTemplate":"http:\/\/neonflex.pl\/?s={search_term_string}"},"query-input":{"@type":"PropertyValueSpecification","valueRequired":true,"valueName":"search_term_string"}}],"inLanguage":"pl-PL"},{"@type":"Organization","@id":"http:\/\/neonflex.pl\/#organization","name":"NeonFlex","url":"http:\/\/neonflex.pl\/","logo":{"@type":"ImageObject","inLanguage":"pl-PL","@id":"http:\/\/neonflex.pl\/#\/schema\/logo\/image\/","url":"https:\/\/neonflex.pl\/wp-content\/uploads\/2024\/02\/gourmet.jpg","contentUrl":"https:\/\/neonflex.pl\/wp-content\/uploads\/2024\/02\/gourmet.jpg","width":1210,"height":908,"caption":"NeonFlex"},"image":{"@id":"http:\/\/neonflex.pl\/#\/schema\/logo\/image\/"}}]}},"_links":{"self":[{"href":"http:\/\/neonflex.pl\/index.php?rest_route=\/wp\/v2\/pages\/17","targetHints":{"allow":["GET"]}}],"collection":[{"href":"http:\/\/neonflex.pl\/index.php?rest_route=\/wp\/v2\/pages"}],"about":[{"href":"http:\/\/neonflex.pl\/index.php?rest_route=\/wp\/v2\/types\/page"}],"author":[{"embeddable":true,"href":"http:\/\/neonflex.pl\/index.php?rest_route=\/wp\/v2\/users\/1"}],"replies":[{"embeddable":true,"href":"http:\/\/neonflex.pl\/index.php?rest_route=%2Fwp%2Fv2%2Fcomments&post=17"}],"version-history":[{"count":4,"href":"http:\/\/neonflex.pl\/index.php?rest_route=\/wp\/v2\/pages\/17\/revisions"}],"predecessor-version":[{"id":284,"href":"http:\/\/neonflex.pl\/index.php?rest_route=\/wp\/v2\/pages\/17\/revisions\/284"}],"wp:attachment":[{"href":"http:\/\/neonflex.pl\/index.php?rest_route=%2Fwp%2Fv2%2Fmedia&parent=17"}],"curies":[{"name":"wp","href":"https:\/\/api.w.org\/{rel}","templated":true}]}}